{"id":3096,"date":"2022-10-17T09:34:10","date_gmt":"2022-10-17T07:34:10","guid":{"rendered":"https:\/\/www.adamiprosecco.it\/garbel\/"},"modified":"2025-10-06T12:19:08","modified_gmt":"2025-10-06T10:19:08","slug":"garbel-adami-prosecco-treviso-doc-brut-en","status":"publish","type":"page","link":"https:\/\/www.adamiprosecco.it\/en\/garbel-adami-prosecco-treviso-doc-brut-en\/","title":{"rendered":"Garb\u00e8l"},"content":{"rendered":"<p>[et_pb_section fb_built=&#8221;1&#8243; _builder_version=&#8221;4.18.0&#8243; _module_preset=&#8221;default&#8221; global_colors_info=&#8221;{}&#8221;][et_pb_row column_structure=&#8221;1_2,1_2&#8243; _builder_version=&#8221;4.18.0&#8243; _module_preset=&#8221;default&#8221; custom_padding=&#8221;||0px|||&#8221; global_colors_info=&#8221;{}&#8221;][et_pb_column type=&#8221;1_2&#8243; _builder_version=&#8221;4.18.0&#8243; _module_preset=&#8221;default&#8221; global_colors_info=&#8221;{}&#8221;][et_pb_text disabled_on=&#8221;off|off|on&#8221; _builder_version=&#8221;4.18.0&#8243; _module_preset=&#8221;default&#8221; header_font_size=&#8221;3em&#8221; text_orientation=&#8221;center&#8221; custom_margin_tablet=&#8221;&#8221; custom_margin_phone=&#8221;||30px||false|false&#8221; custom_margin_last_edited=&#8221;on|phone&#8221; header_font_size_tablet=&#8221;2.5em&#8221; header_font_size_phone=&#8221;2.5em&#8221; header_font_size_last_edited=&#8221;on|phone&#8221; locked=&#8221;off&#8221; global_colors_info=&#8221;{}&#8221;]<\/p>\n<h1>Garb\u00e8l<\/h1>\n<p>[\/et_pb_text][et_pb_image src=&#8221;https:\/\/www.adamiprosecco.it\/wp-content\/uploads\/2022\/09\/Adami_Garbel_282x1000.png&#8221; alt=&#8221;Adami Prosecco Garbel H&#8221; title_text=&#8221;Adami_Garbel_282x1000&#8243; src_tablet=&#8221;https:\/\/www.adamiprosecco.it\/wp-content\/uploads\/2022\/09\/Adami_Garbel_282x1000.png&#8221; src_phone=&#8221;https:\/\/www.adamiprosecco.it\/wp-content\/uploads\/2022\/09\/Adami_Garbel_282x1000.png&#8221; src_last_edited=&#8221;on|phone&#8221; align_tablet=&#8221;center&#8221; align_phone=&#8221;center&#8221; align_last_edited=&#8221;on|phone&#8221; _builder_version=&#8221;4.18.0&#8243; _module_preset=&#8221;default&#8221; width_tablet=&#8221;30%&#8221; width_phone=&#8221;45%&#8221; width_last_edited=&#8221;on|tablet&#8221; global_colors_info=&#8221;{}&#8221;][\/et_pb_image][\/et_pb_column][et_pb_column type=&#8221;1_2&#8243; _builder_version=&#8221;4.18.0&#8243; _module_preset=&#8221;default&#8221; global_colors_info=&#8221;{}&#8221;][et_pb_button button_url=&#8221;https:\/\/www.adamiprosecco.it\/wp-content\/uploads\/2023\/04\/Adami-data-scheet-Garbel-Brut-Prosecco-Doc-Treviso.pdf&#8221; url_new_window=&#8221;on&#8221; button_text=&#8221;Information sheet&#8221; disabled_on=&#8221;off|off|on&#8221; _builder_version=&#8221;4.20.4&#8243; _module_preset=&#8221;3d5d3438-a18a-490f-93ff-4ea9664f6476&#8243; custom_margin_tablet=&#8221;&#8221; custom_margin_phone=&#8221;5px||70px||false|false&#8221; custom_margin_last_edited=&#8221;on|phone&#8221; global_colors_info=&#8221;{}&#8221;][\/et_pb_button][et_pb_text disabled_on=&#8221;on|on|off&#8221; _builder_version=&#8221;4.18.0&#8243; _module_preset=&#8221;default&#8221; text_font_size=&#8221;3em&#8221; header_font_size=&#8221;1em&#8221; custom_margin=&#8221;30px||||false|false&#8221; custom_margin_tablet=&#8221;45px||||false|false&#8221; custom_margin_phone=&#8221;45px||||false|false&#8221; custom_margin_last_edited=&#8221;on|desktop&#8221; locked=&#8221;off&#8221; global_colors_info=&#8221;{}&#8221;]<\/p>\n<h1>Garb\u00e8l<\/h1>\n<p>[\/et_pb_text][et_pb_text content_last_edited=&#8221;off|phone&#8221; _builder_version=&#8221;4.18.0&#8243; _module_preset=&#8221;default&#8221; header_font_size=&#8221;3em&#8221; header_3_font_size=&#8221;1em&#8221; header_4_font_size=&#8221;1.4em&#8221; header_4_line_height=&#8221;1.3em&#8221; header_5_font_size=&#8221;1.2em&#8221; header_5_line_height=&#8221;1.4em&#8221; custom_margin=&#8221;||||false|false&#8221; custom_margin_tablet=&#8221;75px||||false|false&#8221; custom_margin_phone=&#8221;-25px||||false|false&#8221; custom_margin_last_edited=&#8221;on|desktop&#8221; global_colors_info=&#8221;{}&#8221;]<\/p>\n<h4>Prosecco di Treviso DOC<br \/>Brut<\/h4>\n<p>&nbsp;<\/p>\n<h5>The local dialect word garb\u00e8l conveys the appealing impression of crispness and pleasurable delicacy. Our Garb\u00e8l stands out for its dry, clean finish and its natural, delicious appeal on the palate. It is ideal as a sipping wine, but enjoy it as well paired with dishes on the delicate side.<\/h5>\n<p>[\/et_pb_text][et_pb_text disabled_on=&#8221;on|on|off&#8221; _builder_version=&#8221;4.20.4&#8243; _module_preset=&#8221;default&#8221; text_font=&#8221;Fontin-Bold||||||||&#8221; header_font=&#8221;Fontin-Bold||||||||&#8221; header_5_font=&#8221;Fontin-Bold||||||||&#8221; header_5_font_size=&#8221;1.2em&#8221; header_5_line_height=&#8221;1.4em&#8221; custom_margin=&#8221;420px||||false|false&#8221; custom_margin_tablet=&#8221;55px||||false|false&#8221; custom_margin_phone=&#8221;55px||||false|false&#8221; custom_margin_last_edited=&#8221;on|desktop&#8221; global_colors_info=&#8221;{}&#8221;]<\/p>\n<h5>You can download a pdf-format information sheet.<\/h5>\n<p>[\/et_pb_text][et_pb_button button_url=&#8221;https:\/\/www.adamiprosecco.it\/wp-content\/uploads\/2023\/04\/Adami-data-scheet-Garbel-Brut-Prosecco-Doc-Treviso.pdf&#8221; url_new_window=&#8221;on&#8221; button_text=&#8221;Information sheet&#8221; button_alignment=&#8221;left&#8221; button_alignment_tablet=&#8221;left&#8221; button_alignment_phone=&#8221;center&#8221; button_alignment_last_edited=&#8221;on|phone&#8221; disabled_on=&#8221;on|on|off&#8221; _builder_version=&#8221;4.27.4&#8243; _module_preset=&#8221;3d5d3438-a18a-490f-93ff-4ea9664f6476&#8243; custom_margin=&#8221;0px||||false|false&#8221; custom_margin_tablet=&#8221;&#8221; custom_margin_phone=&#8221;40px||||false|false&#8221; custom_margin_last_edited=&#8221;on|phone&#8221; hover_enabled=&#8221;0&#8243; global_colors_info=&#8221;{}&#8221; admin_label=&#8221;Scheda tecnica&#8221; sticky_enabled=&#8221;0&#8243;][\/et_pb_button][et_pb_text disabled_on=&#8221;on|on|off&#8221; _builder_version=&#8221;4.18.0&#8243; _module_preset=&#8221;default&#8221; text_font=&#8221;Fontin-Bold||||||||&#8221; header_font=&#8221;Fontin-Bold||||||||&#8221; header_5_font=&#8221;Fontin-Bold||||||||&#8221; header_5_font_size=&#8221;1.2em&#8221; header_5_line_height=&#8221;1.4em&#8221; custom_margin=&#8221;30px||||false|false&#8221; custom_margin_tablet=&#8221;60px||||false|false&#8221; custom_margin_phone=&#8221;60px||||false|false&#8221; custom_margin_last_edited=&#8221;on|desktop&#8221; global_colors_info=&#8221;{}&#8221;]<\/p>\n<h5>If you wish to purchase it in our online shop<\/h5>\n<p>[\/et_pb_text][et_pb_button button_url=&#8221;@ET-DC@eyJkeW5hbWljIjp0cnVlLCJjb250ZW50IjoicG9zdF9saW5rX3VybF9wcm9kdWN0Iiwic2V0dGluZ3MiOnsicG9zdF9pZCI6IjE2NjEifX0=@&#8221; button_text=&#8221;+ Purchase&#8221; button_alignment=&#8221;left&#8221; button_alignment_tablet=&#8221;center&#8221; button_alignment_phone=&#8221;center&#8221; button_alignment_last_edited=&#8221;on|phone&#8221; _builder_version=&#8221;4.19.0&#8243; _dynamic_attributes=&#8221;button_url&#8221; _module_preset=&#8221;3d5d3438-a18a-490f-93ff-4ea9664f6476&#8243; custom_margin=&#8221;||||false|false&#8221; custom_margin_tablet=&#8221;50px||||false|false&#8221; custom_margin_phone=&#8221;0px||||false|false&#8221; custom_margin_last_edited=&#8221;on|phone&#8221; global_colors_info=&#8221;{}&#8221;][\/et_pb_button][\/et_pb_column][\/et_pb_row][\/et_pb_section][et_pb_section fb_built=&#8221;1&#8243; _builder_version=&#8221;4.19.2&#8243; _module_preset=&#8221;default&#8221; background_color=&#8221;rgba(111,111,110,0.1)&#8221; locked=&#8221;off&#8221; global_colors_info=&#8221;{}&#8221;][et_pb_row _builder_version=&#8221;4.19.2&#8243; _module_preset=&#8221;default&#8221; global_colors_info=&#8221;{}&#8221;][et_pb_column type=&#8221;4_4&#8243; _builder_version=&#8221;4.19.2&#8243; _module_preset=&#8221;default&#8221; global_colors_info=&#8221;{}&#8221;][et_pb_text _builder_version=&#8221;4.19.2&#8243; _module_preset=&#8221;default&#8221; header_font_size=&#8221;3em&#8221; header_font_size_tablet=&#8221;3em&#8221; header_font_size_phone=&#8221;2.5em&#8221; header_font_size_last_edited=&#8221;on|phone&#8221; global_colors_info=&#8221;{}&#8221;]<\/p>\n<h1 style=\"text-align: center;\">Accolades<\/h1>\n<p>[\/et_pb_text][\/et_pb_column][\/et_pb_row][et_pb_row make_equal=&#8221;on&#8221; _builder_version=&#8221;4.19.2&#8243; _module_preset=&#8221;default&#8221; global_colors_info=&#8221;{}&#8221;][et_pb_column type=&#8221;4_4&#8243; _builder_version=&#8221;4.19.2&#8243; _module_preset=&#8221;default&#8221; global_colors_info=&#8221;{}&#8221;][et_pb_text _builder_version=&#8221;4.19.2&#8243; _module_preset=&#8221;default&#8221; global_colors_info=&#8221;{}&#8221;]<\/p>\n<h2 style=\"text-align: center;\"><strong>4 Stars<\/strong><\/h2>\n<h4 style=\"text-align: center;\">Vini Buoni d&#8217;Italia<br \/>2023<\/h4>\n<p>[\/et_pb_text][et_pb_button url_new_window=&#8221;on&#8221; button_text=&#8221;Show awards&#8221; _builder_version=&#8221;4.19.5&#8243; _module_preset=&#8221;default&#8221; custom_margin_tablet=&#8221;||40px||false|false&#8221; custom_margin_phone=&#8221;||40px||false|false&#8221; custom_margin_last_edited=&#8221;on|tablet&#8221; global_colors_info=&#8221;{}&#8221;][\/et_pb_button][\/et_pb_column][\/et_pb_row][\/et_pb_section][et_pb_section fb_built=&#8221;1&#8243; _builder_version=&#8221;4.19.2&#8243; _module_preset=&#8221;default&#8221; locked=&#8221;off&#8221; global_colors_info=&#8221;{}&#8221;][et_pb_row _builder_version=&#8221;4.18.0&#8243; _module_preset=&#8221;default&#8221; custom_margin_tablet=&#8221;50px||-60px||false|false&#8221; custom_margin_phone=&#8221;0px||-100px||false|false&#8221; custom_margin_last_edited=&#8221;on|phone&#8221; custom_padding=&#8221;0px||||false|false&#8221; global_colors_info=&#8221;{}&#8221;][et_pb_column type=&#8221;4_4&#8243; _builder_version=&#8221;4.18.0&#8243; _module_preset=&#8221;default&#8221; global_colors_info=&#8221;{}&#8221;][et_pb_text _builder_version=&#8221;4.19.2&#8243; _module_preset=&#8221;default&#8221; header_font_size=&#8221;3em&#8221; custom_margin_tablet=&#8221;&#8221; custom_margin_phone=&#8221;90px||20px||false|false&#8221; custom_margin_last_edited=&#8221;on|phone&#8221; header_font_size_tablet=&#8221;3em&#8221; header_font_size_phone=&#8221;2.5em&#8221; header_font_size_last_edited=&#8221;on|phone&#8221; global_colors_info=&#8221;{}&#8221;]<\/p>\n<h1 style=\"text-align: center;\">Discover all our products<\/h1>\n<p>[\/et_pb_text][et_pb_gallery gallery_ids=&#8221;449,397,452,450,451,453&#8243; fullwidth=&#8221;on&#8221; _builder_version=&#8221;4.18.0&#8243; _module_preset=&#8221;default&#8221; max_width=&#8221;30%&#8221; module_alignment=&#8221;center&#8221; global_colors_info=&#8221;{}&#8221;][\/et_pb_gallery][\/et_pb_column][\/et_pb_row][et_pb_row _builder_version=&#8221;4.18.0&#8243; _module_preset=&#8221;default&#8221; width_tablet=&#8221;100%&#8221; width_phone=&#8221;100%&#8221; width_last_edited=&#8221;on|tablet&#8221; custom_margin=&#8221;50px||||false|false&#8221; custom_margin_tablet=&#8221;50px||||false|false&#8221; custom_margin_phone=&#8221;50px||||false|false&#8221; custom_margin_last_edited=&#8221;on|phone&#8221; module_alignment_tablet=&#8221;center&#8221; module_alignment_phone=&#8221;center&#8221; module_alignment_last_edited=&#8221;on|tablet&#8221; locked=&#8221;off&#8221; global_colors_info=&#8221;{}&#8221;][et_pb_column type=&#8221;4_4&#8243; _builder_version=&#8221;4.18.0&#8243; _module_preset=&#8221;default&#8221; global_colors_info=&#8221;{}&#8221;][dmpro_carousel columns=&#8221;3&#8243; container_padding=&#8221;10px|30px|0px|30px|false|false&#8221; loop=&#8221;on&#8221; autoplay=&#8221;on&#8221; pause_on_hover=&#8221;off&#8221; autoplay_speed=&#8221;3000&#8243; navigation_prev_icon_yn=&#8221;on&#8221; navigation_prev_icon=&#8221;&#x34;||divi||400&#8243; navigation_next_icon_yn=&#8221;on&#8221; navigation_next_icon=&#8221;&#x35;||divi||400&#8243; columns_tablet=&#8221;3&#8243; columns_phone=&#8221;1&#8243; columns_last_edited=&#8221;on|desktop&#8221; _builder_version=&#8221;4.19.5&#8243; _module_preset=&#8221;default&#8221; background_color=&#8221;RGBA(255,255,255,0)&#8221; custom_css_title=&#8221;margin-top: -50px;&#8221; global_colors_info=&#8221;{}&#8221;][dmpro_carousel_child title=&#8221;Vigneto Giardino&#8221; img_src=&#8221;https:\/\/www.adamiprosecco.it\/wp-content\/uploads\/2023\/03\/Adami_Vigneto_Giardino_Vendemmia_r_140x500.png&#8221; img_alt=&#8221;Vigneto Giardino&#8221; text_title=&#8221;Vigneto Giardino&#8221; img_width=&#8221;42%&#8221; _builder_version=&#8221;4.19.5&#8243; _module_preset=&#8221;default&#8221; title_font=&#8221;Fontin-Bold||||||||&#8221; title_font_size=&#8221;24px&#8221; background_color=&#8221;RGBA(255,255,255,0)&#8221; background_enable_color=&#8221;on&#8221; module_alignment=&#8221;center&#8221; border_radii=&#8221;on|7px|7px|7px|7px&#8221; global_colors_info=&#8221;{}&#8221;][\/dmpro_carousel_child][dmpro_carousel_child title=&#8221;Col Credas&#8221; img_src=&#8221;https:\/\/www.adamiprosecco.it\/wp-content\/uploads\/2023\/03\/Adami_Col_Credas_Vendemmia_r_140x500.png&#8221; img_alt=&#8221;Col Credas&#8221; text_title=&#8221;Col Credas&#8221; img_width=&#8221;42%&#8221; _builder_version=&#8221;4.19.5&#8243; _module_preset=&#8221;default&#8221; title_font=&#8221;Fontin-Bold||||||||&#8221; title_font_size=&#8221;24px&#8221; background_color=&#8221;RGBA(255,255,255,0)&#8221; background_enable_color=&#8221;on&#8221; module_alignment=&#8221;center&#8221; border_radii=&#8221;on|7px|7px|7px|7px&#8221; global_colors_info=&#8221;{}&#8221;][\/dmpro_carousel_child][dmpro_carousel_child title=&#8221;Bosco di Gica&#8221; img_src=&#8221;https:\/\/www.adamiprosecco.it\/wp-content\/uploads\/2022\/09\/Adami_Bosco_di_Gica_140x500.png&#8221; img_alt=&#8221;Bosco di Gica&#8221; text_title=&#8221;Bosco di Gica&#8221; img_width=&#8221;42%&#8221; _builder_version=&#8221;4.18.0&#8243; _module_preset=&#8221;default&#8221; title_font=&#8221;Fontin-Bold||||||||&#8221; title_font_size=&#8221;24px&#8221; background_color=&#8221;RGBA(255,255,255,0)&#8221; background_enable_color=&#8221;on&#8221; module_alignment=&#8221;center&#8221; border_radii=&#8221;on|7px|7px|7px|7px&#8221; global_colors_info=&#8221;{}&#8221;][\/dmpro_carousel_child][dmpro_carousel_child title=&#8221;Dei Casel&#8221; img_src=&#8221;https:\/\/www.adamiprosecco.it\/wp-content\/uploads\/2022\/09\/Adami_Dei_Casel_140x500.png&#8221; img_alt=&#8221;Dei Casel&#8221; text_title=&#8221;Dei Casel&#8221; img_width=&#8221;42%&#8221; _builder_version=&#8221;4.18.0&#8243; _module_preset=&#8221;default&#8221; title_font=&#8221;Fontin-Bold||||||||&#8221; title_font_size=&#8221;24px&#8221; background_color=&#8221;RGBA(255,255,255,0)&#8221; background_enable_color=&#8221;on&#8221; module_alignment=&#8221;center&#8221; border_radii=&#8221;on|7px|7px|7px|7px&#8221; global_colors_info=&#8221;{}&#8221;][\/dmpro_carousel_child][dmpro_carousel_child title=&#8221;Col Fondo&#8221; img_src=&#8221;https:\/\/www.adamiprosecco.it\/wp-content\/uploads\/2023\/03\/Adami_Col_Fondo_Vendemmia_ri_140x500.png&#8221; img_alt=&#8221;Col Fondo&#8221; text_title=&#8221;Col Fondo&#8221; img_width=&#8221;42%&#8221; _builder_version=&#8221;4.19.5&#8243; _module_preset=&#8221;default&#8221; title_font=&#8221;Fontin-Bold||||||||&#8221; title_font_size=&#8221;24px&#8221; background_color=&#8221;RGBA(255,255,255,0)&#8221; background_enable_color=&#8221;on&#8221; module_alignment=&#8221;center&#8221; border_radii=&#8221;on|7px|7px|7px|7px&#8221; global_colors_info=&#8221;{}&#8221;][\/dmpro_carousel_child][dmpro_carousel_child title=&#8221;Cartizze&#8221; img_src=&#8221;https:\/\/www.adamiprosecco.it\/wp-content\/uploads\/2022\/09\/Adami_Cartizze_140x500.png&#8221; img_alt=&#8221;Cartizze&#8221; text_title=&#8221;Cartizze&#8221; img_width=&#8221;42%&#8221; _builder_version=&#8221;4.18.0&#8243; _module_preset=&#8221;default&#8221; title_font=&#8221;Fontin-Bold||||||||&#8221; title_font_size=&#8221;24px&#8221; background_color=&#8221;RGBA(255,255,255,0)&#8221; background_enable_color=&#8221;on&#8221; module_alignment=&#8221;center&#8221; border_radii=&#8221;on|7px|7px|7px|7px&#8221; global_colors_info=&#8221;{}&#8221;][\/dmpro_carousel_child][\/dmpro_carousel][et_pb_button button_url=&#8221;@ET-DC@eyJkeW5hbWljIjp0cnVlLCJjb250ZW50IjoicG9zdF9saW5rX3VybF9wYWdlIiwic2V0dGluZ3MiOnsicG9zdF9pZCI6IjQzIn19@&#8221; button_text=&#8221;Discover all&#8221; _builder_version=&#8221;4.18.0&#8243; _dynamic_attributes=&#8221;button_url&#8221; _module_preset=&#8221;3d5d3438-a18a-490f-93ff-4ea9664f6476&#8243; global_colors_info=&#8221;{}&#8221;][\/et_pb_button][\/et_pb_column][\/et_pb_row][\/et_pb_section]<\/p>\n","protected":false},"excerpt":{"rendered":"<p>Garb\u00e8lGarb\u00e8lProsecco di Treviso DOCBrut &nbsp; The local dialect word garb\u00e8l conveys the appealing impression of crispness and pleasurable delicacy. Our Garb\u00e8l stands out for its dry, clean finish and its natural, delicious appeal on the palate. It is ideal as a sipping wine, but enjoy it as well paired with dishes on the delicate side.You\u2026 <a href=\"https:\/\/www.adamiprosecco.it\/en\/garbel-adami-prosecco-treviso-doc-brut-en\/\">Read More &raquo;<\/a><\/p>\n","protected":false},"author":1,"featured_media":0,"parent":0,"menu_order":0,"comment_status":"closed","ping_status":"closed","template":"","meta":{"_et_pb_use_builder":"on","_et_pb_old_content":"","_et_gb_content_width":"","footnotes":""},"class_list":["post-3096","page","type-page","status-publish","hentry"],"_links":{"self":[{"href":"https:\/\/www.adamiprosecco.it\/en\/wp-json\/wp\/v2\/pages\/3096","targetHints":{"allow":["GET"]}}],"collection":[{"href":"https:\/\/www.adamiprosecco.it\/en\/wp-json\/wp\/v2\/pages"}],"about":[{"href":"https:\/\/www.adamiprosecco.it\/en\/wp-json\/wp\/v2\/types\/page"}],"author":[{"embeddable":true,"href":"https:\/\/www.adamiprosecco.it\/en\/wp-json\/wp\/v2\/users\/1"}],"replies":[{"embeddable":true,"href":"https:\/\/www.adamiprosecco.it\/en\/wp-json\/wp\/v2\/comments?post=3096"}],"version-history":[{"count":0,"href":"https:\/\/www.adamiprosecco.it\/en\/wp-json\/wp\/v2\/pages\/3096\/revisions"}],"wp:attachment":[{"href":"https:\/\/www.adamiprosecco.it\/en\/wp-json\/wp\/v2\/media?parent=3096"}],"curies":[{"name":"wp","href":"https:\/\/api.w.org\/{rel}","templated":true}]}}